{"id":844,"date":"2018-07-02T21:36:57","date_gmt":"2018-07-03T00:36:57","guid":{"rendered":"https:\/\/ifdriocolorado-rng.infd.edu.ar\/sitio\/oferta-academica\/"},"modified":"2023-06-07T18:32:29","modified_gmt":"2023-06-07T21:32:29","slug":"oferta-academica","status":"publish","type":"page","link":"https:\/\/ifdriocolorado-rng.infd.edu.ar\/sitio\/oferta-academica\/","title":{"rendered":"Oferta Acad\u00e9mica"},"content":{"rendered":"<p style=\"text-align: justify;\">El IFDC R\u00edo Colorado presenta una oferta variada de Profesorados, y a partir del a\u00f1o 2023 se suma una tecnicatura, algunos en el campo de la Educaci\u00f3n Art\u00edstica y otros espec\u00edficos para el Nivel Secundario. En tal sentido, las carreras que se desarrollan en la instituci\u00f3n son las siguientes:<\/p>\n<ul>\n<li><em>\u00a0<\/em><em>Profesorado de Teatro.<\/em><\/li>\n<li><em>\u00a0<\/em><em>Profesorado para\u00a0 la Educaci\u00f3n Secundaria en Geograf\u00eda.<\/em><\/li>\n<li><em>\u00a0<\/em><em>Profesorado para la Educaci\u00f3n Secundaria en Lengua y Literatura.<\/em><\/li>\n<li><em>\u00a0<\/em><em>Profesorado para la Educaci\u00f3n Secundaria en Matem\u00e1tica.<\/em><\/li>\n<li><em>Profesorado para la Educaci\u00f3n Secundaria en F\u00edsica<\/em><\/li>\n<li><em>Tenicatura superior en actividades f\u00edsicas en contextos sociocomunitarias\u00a0<\/em><\/li>\n<\/ul>\n<ul>\n<li><strong><em><span style=\"text-decoration: underline;\">Profesorado de Teatro<\/span><\/em><\/strong><\/li>\n<\/ul>\n<p style=\"text-align: justify;\">El\u00a0Profesorado de Teatro\u00a0forma a los estudiantes para ejercer en todos los niveles de la educaci\u00f3n obligatoria (Inicial, Primaria y Secundaria). Asimismo, habilita para el ejercicio en el \u00e1mbito privado y en Educaci\u00f3n Especial.<\/p>\n<p style=\"text-align: justify;\">El IFDC de R\u00edo Colorado es el \u00fanico de la provincia que ofrece esta carrera, en un contexto en el que el Teatro est\u00e1 siendo progresivamente incorporado a la curr\u00edcula y valorado en toda su potencialidad educativa.<\/p>\n<ul>\n<li><strong><em><span style=\"text-decoration: underline;\">Proyecto IFDC Asociados<\/span><\/em><\/strong><\/li>\n<\/ul>\n<p style=\"text-align: justify;\">El IFDC R\u00edo Colorado participa \u2013junto a los IFDC de General Roca, Luis Beltr\u00e1n y Villa Regina- de la experiencia piloto denominada \u201cProyecto IFDC Asociados\u201d. Este proyecto consiste en una asociaci\u00f3n entre institutos, que permite aprovechar los recursos humanos de otros IFDC de R\u00edo Negro, al tiempo que fortalece el intercambio de saberes y experiencias con otras localidades de la provincia.<\/p>\n<p style=\"text-align: justify;\">En el marco de este proyecto, el dictado de las unidades curriculares de la Formaci\u00f3n General y la Pr\u00e1ctica Profesionalizante se realiza semanalmente en forma presencial con profesores de R\u00edo Colorado, mientras que el cursado de las unidades curriculares de la Formaci\u00f3n Espec\u00edfica mayormente est\u00e1 a cargo de docentes de los Institutos Asociados.<\/p>\n<p style=\"text-align: justify;\">De esta manera, el cursado de los Profesorados de Educaci\u00f3n Secundaria, en el \u00e1mbito del Proyecto IFDC Asociados,\u00a0es semi-presencial, modalidad que es posible gracias a la\u00a0potencialidad\u00a0de\u00a0\u00a0las\u00a0\u00a0nuevas\u00a0\u00a0tecnolog\u00edas\u00a0\u00a0\u00a0para\u00a0\u00a0\u00a0\u00a0democratizar\u00a0\u00a0\u00a0el acceso a la educaci\u00f3n superior.<\/p>\n<ul>\n<li><strong><em><span style=\"text-decoration: underline;\">Tecnicatura superior en actividades f\u00edsicas en contextos sociocomunitarios<\/span><\/em><\/strong><\/li>\n<\/ul>\n<p>Esta Tecnicatura surge como oferta formativa para aquellos que se interesen por gestionar, desarrollar, promover y\u00a0 coordinar actividades f\u00edsicas en escenarios diversos de los contextos sociocomunitarios caracterizados como no formales.<\/p>\n<p>Se pretende la formaci\u00f3n de recursos humanos que se desempe\u00f1en en los contextos sociocomunitarios, entendidos como espacios de interacci\u00f3n de los sujetos que no est\u00e1n bajo la \u00f3rbita de los sistemas educativos formales, en donde se desarrollan actividades f\u00edsicas propias de estos contextos, con impacto en lo socio-educativo y lo socio-cultural.<\/p>\n<p>La formaci\u00f3n de T\u00e9cnicos Superiores en Actividad F\u00edsica en Contextos Sociocomunitarios permitir\u00e1 cubrir las necesidades formativas de estos \u00e1mbitos, remplazando a recursos humanos id\u00f3neos sin formaci\u00f3n, por profesionales formados acad\u00e9micamente<\/p>\n","protected":false},"excerpt":{"rendered":"<p>El IFDC R\u00edo Colorado presenta una oferta variada de Profesorados, y a partir del a\u00f1o 2023 se suma una tecnicatura, algunos en el campo de la Educaci\u00f3n Art\u00edstica y otros espec\u00edficos para el Nivel Secundario. En tal sentido, las carreras que se desarrollan en la instituci\u00f3n son las siguientes: \u00a0Profesorado de Teatro. \u00a0Profesorado para\u00a0 la &#8230; <a title=\"Oferta Acad\u00e9mica\" class=\"read-more\" href=\"https:\/\/ifdriocolorado-rng.infd.edu.ar\/sitio\/oferta-academica\/\" aria-label=\"More on Oferta Acad\u00e9mica\">[+]<\/a><\/p>\n","protected":false},"author":10,"featured_media":0,"parent":0,"menu_order":0,"comment_status":"closed","ping_status":"closed","template":"","meta":[],"acf":[],"_links":{"self":[{"href":"https:\/\/ifdriocolorado-rng.infd.edu.ar\/sitio\/wp-json\/wp\/v2\/pages\/844"}],"collection":[{"href":"https:\/\/ifdriocolorado-rng.infd.edu.ar\/sitio\/wp-json\/wp\/v2\/pages"}],"about":[{"href":"https:\/\/ifdriocolorado-rng.infd.edu.ar\/sitio\/wp-json\/wp\/v2\/types\/page"}],"author":[{"embeddable":true,"href":"https:\/\/ifdriocolorado-rng.infd.edu.ar\/sitio\/wp-json\/wp\/v2\/users\/10"}],"replies":[{"embeddable":true,"href":"https:\/\/ifdriocolorado-rng.infd.edu.ar\/sitio\/wp-json\/wp\/v2\/comments?post=844"}],"version-history":[{"count":5,"href":"https:\/\/ifdriocolorado-rng.infd.edu.ar\/sitio\/wp-json\/wp\/v2\/pages\/844\/revisions"}],"predecessor-version":[{"id":1407,"href":"https:\/\/ifdriocolorado-rng.infd.edu.ar\/sitio\/wp-json\/wp\/v2\/pages\/844\/revisions\/1407"}],"wp:attachment":[{"href":"https:\/\/ifdriocolorado-rng.infd.edu.ar\/sitio\/wp-json\/wp\/v2\/media?parent=844"}],"curies":[{"name":"wp","href":"https:\/\/api.w.org\/{rel}","templated":true}]}}